{"id":1675,"date":"2016-08-01T14:32:09","date_gmt":"2016-08-01T14:32:09","guid":{"rendered":"http:\/\/finance.bold-themes.com\/main-demo\/?page_id=1675"},"modified":"2024-09-23T16:18:35","modified_gmt":"2024-09-23T14:18:35","slug":"contact","status":"publish","type":"page","link":"https:\/\/www.kantina-streetfood-raffinee.com\/en\/footer-food-truck\/contact\/","title":{"rendered":"Contact"},"content":{"rendered":"<p><section id=\"bt_section69e00d17aa876\" data-parallax=\".7\" data-parallax-offset=\"100\" class=\"boldSection topSmallSpaced bottomSmallSpaced gutter boxed inherit btParallax wBackground cover btBackgroundOverlay btSolidDarkBackground\" style=\"background-image:url('https:\/\/www.kantina-streetfood-raffinee.com\/wp-content\/uploads\/2023\/01\/exp_strasbourg-by-night_header_A1A4693.jpg');\"><div class=\"port\"><div class=\"boldCell\"><div class=\"boldCellInner\"><div class=\"boldRow\" ><div class=\"boldRowInner\"><div class=\"rowItem col-md-12 col-ms-12  btTextLeft btBottomVertical btDoublePadding\"  data-width=\"12\"><div class=\"rowItemContent\" ><div class=\"btClear btSeparator topLargeSpaced bottomLargeSpaced noBorder\" ><hr><\/div><header class=\"header btClear medium btDash bottomDash  bold btAccentBackgroundSuperheadline\" ><div class=\"dash\"><h3><span class=\"headline\">Contact<\/span><\/h3><\/div><\/header><div class=\"btClear btSeparator topSpaced bottomSpaced noBorder\" ><hr><\/div><\/div><\/div><\/div><\/div><\/div><\/div><\/div><\/section><section id=\"bt_section69e00d17aaa9a\" data-parallax=\".7\" data-parallax-offset=\"100\" class=\"boldSection topSpaced bottomSemiSpaced gutter boxed inherit btParallax btBackgroundOverlay btSolidDarkBackground\" ><div class=\"port\"><div class=\"boldCell\"><div class=\"boldCellInner\"><div class=\"boldRow\" ><div class=\"boldRowInner\"><div class=\"rowItem col-md-8 col-ms-12 btTextLeft animate animate-fadein inherit\"  data-width=\"8\"><div class=\"rowItemContent\" ><header class=\"header btClear medium btDash bottomDash  bold\" ><div class=\"dash\"><h3><span class=\"headline\">REQUEST A QUOTE<\/span><\/h3><\/div><\/header><div class=\"btClear btSeparator topSmallSpaced bottomSmallSpaced noBorder\" ><hr><\/div><div class=\"btText\" ><\/p>\n<div class=\"wpcf7 no-js\" id=\"wpcf7-f2769-o1\" lang=\"en-US\" dir=\"ltr\" data-wpcf7-id=\"2769\">\n<div class=\"screen-reader-response\">\n<p role=\"status\" aria-live=\"polite\" aria-atomic=\"true\">\n<ul><\/ul>\n<\/div>\n<form action=\"\/wp-json\/wp\/v2\/pages\/1675\" method=\"post\" class=\"wpcf7-form init\" aria-label=\"Contact form\" novalidate=\"novalidate\" data-status=\"init\" data-trp-original-action=\"\/en\/wp-json\/wp\/v2\/pages\/1675#wpcf7-f2769-o1\">\n<div style=\"display: none;\">\n<input type=\"hidden\" name=\"_wpcf7\" value=\"2769\" \/><br \/>\n<input type=\"hidden\" name=\"_wpcf7_version\" value=\"6.0.1\" \/><br \/>\n<input type=\"hidden\" name=\"_wpcf7_locale\" value=\"en_US\" \/><br \/>\n<input type=\"hidden\" name=\"_wpcf7_unit_tag\" value=\"wpcf7-f2769-o1\" \/><br \/>\n<input type=\"hidden\" name=\"_wpcf7_container_post\" value=\"0\" \/><br \/>\n<input type=\"hidden\" name=\"_wpcf7_posted_data_hash\" value=\"\" \/>\n<\/div>\n<p><label> Your NAME (required)<br \/>\n<span class=\"wpcf7-form-control-wrap\" data-name=\"your-name\"><input size=\"40\" maxlength=\"400\" class=\"wpcf7-form-control wpcf7-text wpcf7-validates-as-required\" aria-required=\"true\" aria-invalid=\"false\" value=\"\" type=\"text\" name=\"your-name\" \/><\/span> <\/label>\n<\/p>\n<p><label> Your EMAIL (required)<br \/>\n<span class=\"wpcf7-form-control-wrap\" data-name=\"your-email\"><input size=\"40\" maxlength=\"400\" class=\"wpcf7-form-control wpcf7-email wpcf7-validates-as-required wpcf7-text wpcf7-validates-as-email\" aria-required=\"true\" aria-invalid=\"false\" value=\"\" type=\"email\" name=\"your-email\" \/><\/span> <\/label>\n<\/p>\n<p><label> Subject<br \/>\n<span class=\"wpcf7-form-control-wrap\" data-name=\"your-subject\"><input size=\"40\" maxlength=\"400\" class=\"wpcf7-form-control wpcf7-text\" aria-invalid=\"false\" value=\"\" type=\"text\" name=\"your-subject\" \/><\/span> <\/label>\n<\/p>\n<p><label> benefit<br \/>\n<span class=\"wpcf7-form-control-wrap\" data-name=\"menu-974\"><select class=\"wpcf7-form-control wpcf7-select\" aria-invalid=\"false\" name=\"menu-974\"><option value=\"\">\u2014Please choose an option\u2014<\/option><option value=\"D\u00eener priv\u00e9\">Private dinner<\/option><option value=\"Mariage\">Marriage<\/option><option value=\"\u00c9v\u00e9nement d&#039;entreprise\">Corporate event<\/option><option value=\"Anniversaire\">Anniversary<\/option><option value=\"Autre occasion\">other occasion<\/option><\/select><\/span> <\/label>\n<\/p>\n<p><label> Your message<br \/>\n<span class=\"wpcf7-form-control-wrap\" data-name=\"your-message\"><textarea cols=\"40\" rows=\"10\" maxlength=\"2000\" class=\"wpcf7-form-control wpcf7-textarea\" aria-invalid=\"false\" name=\"your-message\"><\/textarea><\/span> <\/label>\n<\/p>\n<p><input class=\"wpcf7-form-control wpcf7-submit has-spinner\" type=\"submit\" value=\"Send\" \/>\n<\/p>\n<div class=\"wpcf7-response-output\" aria-hidden=\"true\"><\/div>\n<input type=\"hidden\" name=\"trp-form-language\" value=\"en\"\/><\/form>\n<\/div>\n<p>\n<\/div><div class=\"btClear btSeparator topSemiSpaced noBorder\" ><hr><\/div><\/div><\/div><div class=\"rowItem col-md-4 col-ms-12 btTextCenter animate animate-moveup inherit\"  data-width=\"4\"><div class=\"rowItemContent\" ><div class=\"bpgPhoto btDefaultHoverType\" ><div class = \"btImage\"><img decoding=\"async\" src=\"\" alt=\"\" title=\"\"><\/div><\/div><div class=\"boldRow\" ><div class=\"boldRowInner\"><div class=\"rowItem rowInnerItem col-sm-12  btTextCenter btHighlight inherit btDoublePadding\"  ><div class=\"rowItemContent\"><div class=\"btClear btSeparator topSmallSpaced bottomSmallSpaced noBorder\" ><hr><\/div><header class=\"header btClear normal btDash bottomDash  bold\" ><div class=\"btSuperTitle\"><span>STRASBOURG &amp; SURROUNDINGS<\/span><\/div><div class=\"dash\"><h4><span class=\"headline\">KANTINA<br \/><br>Refined street food<\/span><\/h4><\/div><div class=\"btSubTitle\">Tue-Sat: 11.00 \u2013 23.00<br \/><br><\/div><\/header><div class=\"btClear btSeparator topSmallSpaced noBorder\" ><hr><\/div><span class=\"btIco btIcoDefaultType btIcoSmallSize btIcoDefaultColor btIconCircleShape\"><a href=\"#\"  target=\"no_target\" data-ico-fa=\"&#xf095;\" class=\"btIcoHolder\"><span>+33 7-45-14-80-98<\/span><\/a><\/span><div class=\"btClear btSeparator noBorder\" ><hr><\/div><span class=\"btIco btIcoDefaultType btIcoSmallSize btIcoDefaultColor btIconCircleShape\"><a href=\"mailto:contact@kantina-streetfood-raffinee.com\"  target=\"_self\" data-ico-fa=\"&#xf0e0;\" class=\"btIcoHolder\"><span>contact@kantina-streetfood-raffinee.com<\/span><\/a><\/span><div class=\"btClear btSeparator noBorder\" ><hr><\/div><span class=\"btIco btIcoDefaultType btIcoSmallSize btIcoDefaultColor btIconCircleShape\"><a href=\"#\"  target=\"_self\" data-ico-fa=\"&#xf124;\" class=\"btIcoHolder\"><span>Strasbourg and surroundings<\/span><\/a><\/span><div class=\"btClear btSeparator topSmallSpaced bottomSmallSpaced border\" ><hr><\/div><span class=\"btIco btIcoFilledType btIcoSmallSize btIcoDefaultColor btIconSquareShape\"><a href=\"https:\/\/www.facebook.com\/kantina.strasbourg\"  target=\"no_target\" data-ico-fa=\"&#xf09a;\" class=\"btIcoHolder\"><\/a><\/span><span class=\"btIco btIcoFilledType btIcoSmallSize btIcoDefaultColor btIconSquareShape\"><a href=\"https:\/\/www.instagram.com\/kantina.strasbourg\/?next=%2F\"  target=\"no_target\" data-ico-fa=\"&#xf16d;\" class=\"btIcoHolder\"><\/a><\/span><div class=\"btClear btSeparator topSmallSpaced bottomSmallSpaced noBorder\" ><hr><\/div><\/div><\/div><\/div><\/div><div class=\"btClear btSeparator topSemiSpaced noBorder\" ><hr><\/div><\/div><\/div><\/div><\/div><\/div><\/div><\/div><\/section><\/p>","protected":false},"excerpt":{"rendered":"<p>Capitalize on low hanging fruit to identify a ballpark value added activity to beta performance test. Override the digital divide.<\/p>","protected":false},"author":2,"featured_media":3848,"parent":2892,"menu_order":0,"comment_status":"closed","ping_status":"closed","template":"","meta":{"footnotes":""},"class_list":["post-1675","page","type-page","status-publish","has-post-thumbnail","hentry"],"yoast_head":"<!-- This site is optimized with the Yoast SEO plugin v24.0 - https:\/\/yoast.com\/wordpress\/plugins\/seo\/ -->\n<title>Contact - KANTINA<\/title>\n<meta name=\"description\" content=\"D\u00e9couvrez notre food truck \u00e0 Strasbourg, sp\u00e9cialis\u00e9 dans la street food grecque raffin\u00e9e. Savourez des plats authentiques et gourmands, pr\u00e9par\u00e9s avec des ingr\u00e9dients frais et locaux. Suivez-nous pour conna\u00eetre nos emplacements et horaires\" \/>\n<meta name=\"robots\" content=\"index, follow, max-snippet:-1, max-image-preview:large, max-video-preview:-1\" \/>\n<link rel=\"canonical\" href=\"https:\/\/www.kantina-streetfood-raffinee.com\/en\/footer-food-truck\/contact\/\" \/>\n<meta property=\"og:locale\" content=\"en_GB\" \/>\n<meta property=\"og:type\" content=\"article\" \/>\n<meta property=\"og:title\" content=\"Contact - KANTINA\" \/>\n<meta property=\"og:description\" content=\"D\u00e9couvrez notre food truck \u00e0 Strasbourg, sp\u00e9cialis\u00e9 dans la street food grecque raffin\u00e9e. Savourez des plats authentiques et gourmands, pr\u00e9par\u00e9s avec des ingr\u00e9dients frais et locaux. Suivez-nous pour conna\u00eetre nos emplacements et horaires\" \/>\n<meta property=\"og:url\" content=\"https:\/\/www.kantina-streetfood-raffinee.com\/en\/footer-food-truck\/contact\/\" \/>\n<meta property=\"og:site_name\" content=\"KANTINA\" \/>\n<meta property=\"article:publisher\" content=\"https:\/\/www.facebook.com\/kantina.strasbourg\" \/>\n<meta property=\"article:modified_time\" content=\"2024-09-23T14:18:35+00:00\" \/>\n<meta property=\"og:image\" content=\"https:\/\/www.kantina-streetfood-raffinee.com\/wp-content\/uploads\/2023\/01\/exp_strasbourg-by-night_header_A1A4693.jpg\" \/>\n\t<meta property=\"og:image:width\" content=\"1920\" \/>\n\t<meta property=\"og:image:height\" content=\"800\" \/>\n\t<meta property=\"og:image:type\" content=\"image\/jpeg\" \/>\n<meta name=\"twitter:card\" content=\"summary_large_image\" \/>\n<meta name=\"twitter:label1\" content=\"Estimated reading time\" \/>\n\t<meta name=\"twitter:data1\" content=\"1 minute\" \/>\n<script type=\"application\/ld+json\" class=\"yoast-schema-graph\">{\"@context\":\"https:\/\/schema.org\",\"@graph\":[{\"@type\":\"WebPage\",\"@id\":\"https:\/\/www.kantina-streetfood-raffinee.com\/footer-food-truck\/contact\/\",\"url\":\"https:\/\/www.kantina-streetfood-raffinee.com\/footer-food-truck\/contact\/\",\"name\":\"Contact - KANTINA\",\"isPartOf\":{\"@id\":\"https:\/\/www.kantina-streetfood-raffinee.com\/#website\"},\"primaryImageOfPage\":{\"@id\":\"https:\/\/www.kantina-streetfood-raffinee.com\/footer-food-truck\/contact\/#primaryimage\"},\"image\":{\"@id\":\"https:\/\/www.kantina-streetfood-raffinee.com\/footer-food-truck\/contact\/#primaryimage\"},\"thumbnailUrl\":\"https:\/\/www.kantina-streetfood-raffinee.com\/wp-content\/uploads\/2023\/01\/exp_strasbourg-by-night_header_A1A4693.jpg\",\"datePublished\":\"2016-08-01T14:32:09+00:00\",\"dateModified\":\"2024-09-23T14:18:35+00:00\",\"description\":\"D\u00e9couvrez notre food truck \u00e0 Strasbourg, sp\u00e9cialis\u00e9 dans la street food grecque raffin\u00e9e. Savourez des plats authentiques et gourmands, pr\u00e9par\u00e9s avec des ingr\u00e9dients frais et locaux. Suivez-nous pour conna\u00eetre nos emplacements et horaires\",\"breadcrumb\":{\"@id\":\"https:\/\/www.kantina-streetfood-raffinee.com\/footer-food-truck\/contact\/#breadcrumb\"},\"inLanguage\":\"en-GB\",\"potentialAction\":[{\"@type\":\"ReadAction\",\"target\":[\"https:\/\/www.kantina-streetfood-raffinee.com\/footer-food-truck\/contact\/\"]}]},{\"@type\":\"ImageObject\",\"inLanguage\":\"en-GB\",\"@id\":\"https:\/\/www.kantina-streetfood-raffinee.com\/footer-food-truck\/contact\/#primaryimage\",\"url\":\"https:\/\/www.kantina-streetfood-raffinee.com\/wp-content\/uploads\/2023\/01\/exp_strasbourg-by-night_header_A1A4693.jpg\",\"contentUrl\":\"https:\/\/www.kantina-streetfood-raffinee.com\/wp-content\/uploads\/2023\/01\/exp_strasbourg-by-night_header_A1A4693.jpg\",\"width\":1920,\"height\":800},{\"@type\":\"BreadcrumbList\",\"@id\":\"https:\/\/www.kantina-streetfood-raffinee.com\/footer-food-truck\/contact\/#breadcrumb\",\"itemListElement\":[{\"@type\":\"ListItem\",\"position\":1,\"name\":\"Accueil\",\"item\":\"https:\/\/www.kantina-streetfood-raffinee.com\/\"},{\"@type\":\"ListItem\",\"position\":2,\"name\":\"Accueil\",\"item\":\"https:\/\/www.kantina-streetfood-raffinee.com\/\"},{\"@type\":\"ListItem\",\"position\":3,\"name\":\"Contact\"}]},{\"@type\":\"WebSite\",\"@id\":\"https:\/\/www.kantina-streetfood-raffinee.com\/#website\",\"url\":\"https:\/\/www.kantina-streetfood-raffinee.com\/\",\"name\":\"KANTINA\",\"description\":\"La streetfood raffin\u00e9e\",\"publisher\":{\"@id\":\"https:\/\/www.kantina-streetfood-raffinee.com\/#organization\"},\"potentialAction\":[{\"@type\":\"SearchAction\",\"target\":{\"@type\":\"EntryPoint\",\"urlTemplate\":\"https:\/\/www.kantina-streetfood-raffinee.com\/?s={search_term_string}\"},\"query-input\":{\"@type\":\"PropertyValueSpecification\",\"valueRequired\":true,\"valueName\":\"search_term_string\"}}],\"inLanguage\":\"en-GB\"},{\"@type\":\"Organization\",\"@id\":\"https:\/\/www.kantina-streetfood-raffinee.com\/#organization\",\"name\":\"KANTINA\",\"url\":\"https:\/\/www.kantina-streetfood-raffinee.com\/\",\"logo\":{\"@type\":\"ImageObject\",\"inLanguage\":\"en-GB\",\"@id\":\"https:\/\/www.kantina-streetfood-raffinee.com\/#\/schema\/logo\/image\/\",\"url\":\"https:\/\/www.kantina-streetfood-raffinee.com\/wp-content\/uploads\/2023\/01\/LOGOS-KANTINA.png\",\"contentUrl\":\"https:\/\/www.kantina-streetfood-raffinee.com\/wp-content\/uploads\/2023\/01\/LOGOS-KANTINA.png\",\"width\":480,\"height\":480,\"caption\":\"KANTINA\"},\"image\":{\"@id\":\"https:\/\/www.kantina-streetfood-raffinee.com\/#\/schema\/logo\/image\/\"},\"sameAs\":[\"https:\/\/www.facebook.com\/kantina.strasbourg\"]}]}<\/script>\n<!-- \/ Yoast SEO plugin. -->","yoast_head_json":{"title":"Contact - KANTINA","description":"D\u00e9couvrez notre food truck \u00e0 Strasbourg, sp\u00e9cialis\u00e9 dans la street food grecque raffin\u00e9e. Savourez des plats authentiques et gourmands, pr\u00e9par\u00e9s avec des ingr\u00e9dients frais et locaux. Suivez-nous pour conna\u00eetre nos emplacements et horaires","robots":{"index":"index","follow":"follow","max-snippet":"max-snippet:-1","max-image-preview":"max-image-preview:large","max-video-preview":"max-video-preview:-1"},"canonical":"https:\/\/www.kantina-streetfood-raffinee.com\/en\/footer-food-truck\/contact\/","og_locale":"en_GB","og_type":"article","og_title":"Contact - KANTINA","og_description":"D\u00e9couvrez notre food truck \u00e0 Strasbourg, sp\u00e9cialis\u00e9 dans la street food grecque raffin\u00e9e. Savourez des plats authentiques et gourmands, pr\u00e9par\u00e9s avec des ingr\u00e9dients frais et locaux. Suivez-nous pour conna\u00eetre nos emplacements et horaires","og_url":"https:\/\/www.kantina-streetfood-raffinee.com\/en\/footer-food-truck\/contact\/","og_site_name":"KANTINA","article_publisher":"https:\/\/www.facebook.com\/kantina.strasbourg","article_modified_time":"2024-09-23T14:18:35+00:00","og_image":[{"width":1920,"height":800,"url":"https:\/\/www.kantina-streetfood-raffinee.com\/wp-content\/uploads\/2023\/01\/exp_strasbourg-by-night_header_A1A4693.jpg","type":"image\/jpeg"}],"twitter_card":"summary_large_image","twitter_misc":{"Estimated reading time":"1 minute"},"schema":{"@context":"https:\/\/schema.org","@graph":[{"@type":"WebPage","@id":"https:\/\/www.kantina-streetfood-raffinee.com\/footer-food-truck\/contact\/","url":"https:\/\/www.kantina-streetfood-raffinee.com\/footer-food-truck\/contact\/","name":"Contact - KANTINA","isPartOf":{"@id":"https:\/\/www.kantina-streetfood-raffinee.com\/#website"},"primaryImageOfPage":{"@id":"https:\/\/www.kantina-streetfood-raffinee.com\/footer-food-truck\/contact\/#primaryimage"},"image":{"@id":"https:\/\/www.kantina-streetfood-raffinee.com\/footer-food-truck\/contact\/#primaryimage"},"thumbnailUrl":"https:\/\/www.kantina-streetfood-raffinee.com\/wp-content\/uploads\/2023\/01\/exp_strasbourg-by-night_header_A1A4693.jpg","datePublished":"2016-08-01T14:32:09+00:00","dateModified":"2024-09-23T14:18:35+00:00","description":"D\u00e9couvrez notre food truck \u00e0 Strasbourg, sp\u00e9cialis\u00e9 dans la street food grecque raffin\u00e9e. Savourez des plats authentiques et gourmands, pr\u00e9par\u00e9s avec des ingr\u00e9dients frais et locaux. Suivez-nous pour conna\u00eetre nos emplacements et horaires","breadcrumb":{"@id":"https:\/\/www.kantina-streetfood-raffinee.com\/footer-food-truck\/contact\/#breadcrumb"},"inLanguage":"en-GB","potentialAction":[{"@type":"ReadAction","target":["https:\/\/www.kantina-streetfood-raffinee.com\/footer-food-truck\/contact\/"]}]},{"@type":"ImageObject","inLanguage":"en-GB","@id":"https:\/\/www.kantina-streetfood-raffinee.com\/footer-food-truck\/contact\/#primaryimage","url":"https:\/\/www.kantina-streetfood-raffinee.com\/wp-content\/uploads\/2023\/01\/exp_strasbourg-by-night_header_A1A4693.jpg","contentUrl":"https:\/\/www.kantina-streetfood-raffinee.com\/wp-content\/uploads\/2023\/01\/exp_strasbourg-by-night_header_A1A4693.jpg","width":1920,"height":800},{"@type":"BreadcrumbList","@id":"https:\/\/www.kantina-streetfood-raffinee.com\/footer-food-truck\/contact\/#breadcrumb","itemListElement":[{"@type":"ListItem","position":1,"name":"Accueil","item":"https:\/\/www.kantina-streetfood-raffinee.com\/"},{"@type":"ListItem","position":2,"name":"Accueil","item":"https:\/\/www.kantina-streetfood-raffinee.com\/"},{"@type":"ListItem","position":3,"name":"Contact"}]},{"@type":"WebSite","@id":"https:\/\/www.kantina-streetfood-raffinee.com\/#website","url":"https:\/\/www.kantina-streetfood-raffinee.com\/","name":"KANTINA","description":"La streetfood raffin\u00e9e","publisher":{"@id":"https:\/\/www.kantina-streetfood-raffinee.com\/#organization"},"potentialAction":[{"@type":"SearchAction","target":{"@type":"EntryPoint","urlTemplate":"https:\/\/www.kantina-streetfood-raffinee.com\/?s={search_term_string}"},"query-input":{"@type":"PropertyValueSpecification","valueRequired":true,"valueName":"search_term_string"}}],"inLanguage":"en-GB"},{"@type":"Organization","@id":"https:\/\/www.kantina-streetfood-raffinee.com\/#organization","name":"KANTINA","url":"https:\/\/www.kantina-streetfood-raffinee.com\/","logo":{"@type":"ImageObject","inLanguage":"en-GB","@id":"https:\/\/www.kantina-streetfood-raffinee.com\/#\/schema\/logo\/image\/","url":"https:\/\/www.kantina-streetfood-raffinee.com\/wp-content\/uploads\/2023\/01\/LOGOS-KANTINA.png","contentUrl":"https:\/\/www.kantina-streetfood-raffinee.com\/wp-content\/uploads\/2023\/01\/LOGOS-KANTINA.png","width":480,"height":480,"caption":"KANTINA"},"image":{"@id":"https:\/\/www.kantina-streetfood-raffinee.com\/#\/schema\/logo\/image\/"},"sameAs":["https:\/\/www.facebook.com\/kantina.strasbourg"]}]}},"_links":{"self":[{"href":"https:\/\/www.kantina-streetfood-raffinee.com\/en\/wp-json\/wp\/v2\/pages\/1675"}],"collection":[{"href":"https:\/\/www.kantina-streetfood-raffinee.com\/en\/wp-json\/wp\/v2\/pages"}],"about":[{"href":"https:\/\/www.kantina-streetfood-raffinee.com\/en\/wp-json\/wp\/v2\/types\/page"}],"author":[{"embeddable":true,"href":"https:\/\/www.kantina-streetfood-raffinee.com\/en\/wp-json\/wp\/v2\/users\/2"}],"replies":[{"embeddable":true,"href":"https:\/\/www.kantina-streetfood-raffinee.com\/en\/wp-json\/wp\/v2\/comments?post=1675"}],"version-history":[{"count":1,"href":"https:\/\/www.kantina-streetfood-raffinee.com\/en\/wp-json\/wp\/v2\/pages\/1675\/revisions"}],"predecessor-version":[{"id":4718,"href":"https:\/\/www.kantina-streetfood-raffinee.com\/en\/wp-json\/wp\/v2\/pages\/1675\/revisions\/4718"}],"up":[{"embeddable":true,"href":"https:\/\/www.kantina-streetfood-raffinee.com\/en\/wp-json\/wp\/v2\/pages\/2892"}],"wp:featuredmedia":[{"embeddable":true,"href":"https:\/\/www.kantina-streetfood-raffinee.com\/en\/wp-json\/wp\/v2\/media\/3848"}],"wp:attachment":[{"href":"https:\/\/www.kantina-streetfood-raffinee.com\/en\/wp-json\/wp\/v2\/media?parent=1675"}],"curies":[{"name":"wp","href":"https:\/\/api.w.org\/{rel}","templated":true}]}}